{"id":49,"date":"2020-04-07T00:23:25","date_gmt":"2020-04-07T00:23:25","guid":{"rendered":"https:\/\/lantel.com.mx\/?page_id=49"},"modified":"2020-04-07T00:40:43","modified_gmt":"2020-04-07T00:40:43","slug":"contacto","status":"publish","type":"page","link":"https:\/\/lantel.com.mx\/index.php\/contacto\/","title":{"rendered":"Contacto"},"content":{"rendered":"\n<p>Solicita una asesor\u00eda y con gusto te recomendaremos la mejor soluci\u00f3n para tu proyecto en especifico adapt\u00e1ndonos a cubrir sus necesidades con el mejor presupuesto.<\/p>\n\n\n\n<p>Env\u00edenos un correo<\/p>\n\n\n\n<p>contacto@lantel.com.mx<\/p>\n\n\n\n<p>Guadalajara, Jalisco M\u00e9xico<\/p>\n\n\n\n<p>o si prefiere una llamada donde le antenderemos<\/p>\n\n\n\n<p>(33) 1045-8184<\/p>\n\n\n\n<p><a href=\"https:\/\/lantel.com.mx\/\">ir a Inicio<\/a><\/p>\n","protected":false},"excerpt":{"rendered":"<p>Solicita una asesor\u00eda y con gusto te recomendaremos la mejor soluci\u00f3n para tu proyecto en especifico adapt\u00e1ndonos a cubrir sus necesidades con el mejor presupuesto. Env\u00edenos un correo contacto@lantel.com.mx Guadalajara, Jalisco M\u00e9xico o si prefiere una llamada donde le antenderemos (33) 1045-8184 ir a Inicio<\/p>\n","protected":false},"author":1,"featured_media":0,"parent":0,"menu_order":0,"comment_status":"closed","ping_status":"closed","template":"","meta":{"footnotes":""},"class_list":["post-49","page","type-page","status-publish","hentry"],"_links":{"self":[{"href":"https:\/\/lantel.com.mx\/index.php\/wp-json\/wp\/v2\/pages\/49","targetHints":{"allow":["GET"]}}],"collection":[{"href":"https:\/\/lantel.com.mx\/index.php\/wp-json\/wp\/v2\/pages"}],"about":[{"href":"https:\/\/lantel.com.mx\/index.php\/wp-json\/wp\/v2\/types\/page"}],"author":[{"embeddable":true,"href":"https:\/\/lantel.com.mx\/index.php\/wp-json\/wp\/v2\/users\/1"}],"replies":[{"embeddable":true,"href":"https:\/\/lantel.com.mx\/index.php\/wp-json\/wp\/v2\/comments?post=49"}],"version-history":[{"count":2,"href":"https:\/\/lantel.com.mx\/index.php\/wp-json\/wp\/v2\/pages\/49\/revisions"}],"predecessor-version":[{"id":58,"href":"https:\/\/lantel.com.mx\/index.php\/wp-json\/wp\/v2\/pages\/49\/revisions\/58"}],"wp:attachment":[{"href":"https:\/\/lantel.com.mx\/index.php\/wp-json\/wp\/v2\/media?parent=49"}],"curies":[{"name":"wp","href":"https:\/\/api.w.org\/{rel}","templated":true}]}}