{"id":44,"date":"2020-04-07T00:17:02","date_gmt":"2020-04-07T00:17:02","guid":{"rendered":"https:\/\/lantel.com.mx\/?page_id=44"},"modified":"2020-04-07T00:40:08","modified_gmt":"2020-04-07T00:40:08","slug":"servicios","status":"publish","type":"page","link":"https:\/\/lantel.com.mx\/index.php\/servicios\/","title":{"rendered":"Servicios"},"content":{"rendered":"\n<p>Somos una empresa dedicada a la integraci\u00f3n de tecnolog\u00edas de informaci\u00f3n con la finalidad de apoyar a nuestros clientes en el desarrollo de sus proyectos de infraestructura de TI.<\/p>\n\n\n\n<p>Se encuentra integrada por estas areas de especialidad:<\/p>\n\n\n\n<ul class=\"wp-block-list\"><li>Voz, datos e infraestructura.<br>Voz tradicional<br>Voz sobre IP<br>Cableado estructurado certificable bajo par de cobre y fibra optica<br>Redes complejas\u2013Lan Switching<\/li><li>Sistemas de seguridad de datos.<br>Analisis de huecos de seguridad electr\u00f3nica<br>Fire walling<\/li><li>Redes WLAN<\/li><li>Enlaces inal\u00e1mbricos de largo alcance<\/li><li>Soluciones de Videoconferencia<\/li><li>Soluciones de CCTV<\/li><li>Soluciones profesionales de detecci\u00f3n de incendios<\/li><\/ul>\n\n\n\n<p><a href=\"https:\/\/lantel.com.mx\/\">ir a Inicio<\/a><\/p>\n","protected":false},"excerpt":{"rendered":"<p>Somos una empresa dedicada a la integraci\u00f3n de tecnolog\u00edas de informaci\u00f3n con la finalidad de apoyar a nuestros clientes en el desarrollo de sus proyectos de infraestructura de TI. Se encuentra integrada por estas areas de especialidad: Voz, datos e infraestructura.Voz tradicionalVoz sobre IPCableado estructurado certificable bajo par de cobre y fibra opticaRedes complejas\u2013Lan Switching &hellip; <\/p>\n","protected":false},"author":1,"featured_media":0,"parent":0,"menu_order":0,"comment_status":"closed","ping_status":"closed","template":"","meta":{"footnotes":""},"class_list":["post-44","page","type-page","status-publish","hentry"],"_links":{"self":[{"href":"https:\/\/lantel.com.mx\/index.php\/wp-json\/wp\/v2\/pages\/44","targetHints":{"allow":["GET"]}}],"collection":[{"href":"https:\/\/lantel.com.mx\/index.php\/wp-json\/wp\/v2\/pages"}],"about":[{"href":"https:\/\/lantel.com.mx\/index.php\/wp-json\/wp\/v2\/types\/page"}],"author":[{"embeddable":true,"href":"https:\/\/lantel.com.mx\/index.php\/wp-json\/wp\/v2\/users\/1"}],"replies":[{"embeddable":true,"href":"https:\/\/lantel.com.mx\/index.php\/wp-json\/wp\/v2\/comments?post=44"}],"version-history":[{"count":2,"href":"https:\/\/lantel.com.mx\/index.php\/wp-json\/wp\/v2\/pages\/44\/revisions"}],"predecessor-version":[{"id":57,"href":"https:\/\/lantel.com.mx\/index.php\/wp-json\/wp\/v2\/pages\/44\/revisions\/57"}],"wp:attachment":[{"href":"https:\/\/lantel.com.mx\/index.php\/wp-json\/wp\/v2\/media?parent=44"}],"curies":[{"name":"wp","href":"https:\/\/api.w.org\/{rel}","templated":true}]}}